{"id":106,"date":"2019-08-12T17:49:54","date_gmt":"2019-08-12T17:49:54","guid":{"rendered":"http:\/\/ham-gmbh.de\/?page_id=106"},"modified":"2019-11-06T10:01:39","modified_gmt":"2019-11-06T10:01:39","slug":"impressum","status":"publish","type":"page","link":"https:\/\/ham-gmbh.de\/?page_id=106","title":{"rendered":"Impressum"},"content":{"rendered":"[et_pb_section admin_label=&#8220;section&#8220;]\n\t\t[et_pb_row admin_label=&#8220;row&#8220;]\n\t\t\t[et_pb_column type=&#8220;4_4&#8243;][et_pb_text admin_label=&#8220;Text&#8220;]\n<p><\/p>\n\n\n\n<p><strong>HAM &#8211; Hotel Asset Management Gesellschaft mit beschr\u00e4nkter Haftung<br><\/strong>Achillesstr. 10<br>D-40545 D\u00fcsseldorf<\/p>\n\n\n\n<p><\/p>\n\n\n\n<p>Vertretungsberechtiger Gesch\u00e4ftsf\u00fchrer: <br>Niels Falkenstein<br>E-Mail: info@ham-gmbh.de<br><br>Registergericht: Amtsgericht D\u00fcsseldorf<br>Registernummer: HRB 82528<br><br>Umsatzsteuer-Identifikationsnummer gem. \u00a7 27a UStG: DE249320779<br><br>Inhaltlich Verantwortlicher:<br>Niels Falkenstein<br>info@ham-gmbh.de<\/p>\n\n\n\n<p><\/p>\n[\/et_pb_text][\/et_pb_column]\n\t\t[\/et_pb_row]\n\t[\/et_pb_section]","protected":false},"excerpt":{"rendered":"<p>[et_pb_section admin_label=&#8220;section&#8220;] [et_pb_row admin_label=&#8220;row&#8220;] [et_pb_column type=&#8220;4_4&#8243;][et_pb_text admin_label=&#8220;Text&#8220;] HAM &#8211; Hotel Asset Management Gesellschaft mit beschr\u00e4nkter HaftungAchillesstr. 10D-40545 D\u00fcsseldorf Vertretungsberechtiger Gesch\u00e4ftsf\u00fchrer: Niels FalkensteinE-Mail: info@ham-gmbh.de Registergericht: Amtsgericht D\u00fcsseldorfRegisternummer: HRB 82528 Umsatzsteuer-Identifikationsnummer gem. \u00a7 27a UStG: DE249320779 Inhaltlich Verantwortlicher:Niels Falkensteininfo@ham-gmbh.de [\/et_pb_text][\/et_pb_column] [\/et_pb_row] [\/et_pb_section]<\/p>\n","protected":false},"author":1,"featured_media":0,"parent":0,"menu_order":0,"comment_status":"closed","ping_status":"closed","template":"","meta":{"_et_pb_use_builder":"on","_et_pb_old_content":"<!-- wp:paragraph -->\n<p><\/p>\n<!-- \/wp:paragraph -->\n\n<!-- wp:paragraph -->\n<p><strong>HAM - Hotel Asset Management Gesellschaft mit beschr\u00e4nkter Haftung<br><\/strong>Achillesstr. 10<br>D-40545 D\u00fcsseldorf<\/p>\n<!-- \/wp:paragraph -->\n\n<!-- wp:paragraph -->\n<p><\/p>\n<!-- \/wp:paragraph -->\n\n<!-- wp:paragraph -->\n<p>Vertretungsberechtiger Gesch\u00e4ftsf\u00fchrer: <br>Niels Falkenstein<br>E-Mail: info@ham-gmbh.de<br><br>Registergericht: Amtsgericht D\u00fcsseldorf<br>Registernummer: HRB 82528<br><br>Umsatzsteuer-Identifikationsnummer gem. \u00a7 27a UStG: DE249320779<br><br>Inhaltlich Verantwortlicher:<br>Niels Falkenstein<br>info@ham-gmbh.de<\/p>\n<!-- \/wp:paragraph -->\n\n<!-- wp:paragraph -->\n<p><\/p>\n<!-- \/wp:paragraph -->","_et_gb_content_width":""},"yoast_head":"<!-- This site is optimized with the Yoast SEO plugin v18.0 - https:\/\/yoast.com\/wordpress\/plugins\/seo\/ -->\n<title>Impressum - HAM GmbH<\/title>\n<meta name=\"robots\" content=\"index, follow, max-snippet:-1, max-image-preview:large, max-video-preview:-1\" \/>\n<link rel=\"canonical\" href=\"https:\/\/ham-gmbh.de\/?page_id=106\" \/>\n<meta property=\"og:locale\" content=\"de_DE\" \/>\n<meta property=\"og:type\" content=\"article\" \/>\n<meta property=\"og:title\" content=\"Impressum - HAM GmbH\" \/>\n<meta property=\"og:description\" content=\"[et_pb_section admin_label=&#8220;section&#8220;] [et_pb_row admin_label=&#8220;row&#8220;] [et_pb_column type=&#8220;4_4&#8243;][et_pb_text admin_label=&#8220;Text&#8220;] HAM &#8211; Hotel Asset Management Gesellschaft mit beschr\u00e4nkter HaftungAchillesstr. 10D-40545 D\u00fcsseldorf Vertretungsberechtiger Gesch\u00e4ftsf\u00fchrer: Niels FalkensteinE-Mail: info@ham-gmbh.de Registergericht: Amtsgericht D\u00fcsseldorfRegisternummer: HRB 82528 Umsatzsteuer-Identifikationsnummer gem. \u00a7 27a UStG: DE249320779 Inhaltlich Verantwortlicher:Niels Falkensteininfo@ham-gmbh.de [\/et_pb_text][\/et_pb_column] [\/et_pb_row] [\/et_pb_section]\" \/>\n<meta property=\"og:url\" content=\"https:\/\/ham-gmbh.de\/?page_id=106\" \/>\n<meta property=\"og:site_name\" content=\"HAM GmbH\" \/>\n<meta property=\"article:modified_time\" content=\"2019-11-06T10:01:39+00:00\" \/>\n<meta name=\"twitter:card\" content=\"summary_large_image\" \/>\n<script type=\"application\/ld+json\" class=\"yoast-schema-graph\">{\"@context\":\"https:\/\/schema.org\",\"@graph\":[{\"@type\":\"WebSite\",\"@id\":\"https:\/\/ham-gmbh.de\/#website\",\"url\":\"https:\/\/ham-gmbh.de\/\",\"name\":\"HAM GmbH\",\"description\":\"Hotelberatung und -vermittlung\",\"potentialAction\":[{\"@type\":\"SearchAction\",\"target\":{\"@type\":\"EntryPoint\",\"urlTemplate\":\"https:\/\/ham-gmbh.de\/?s={search_term_string}\"},\"query-input\":\"required name=search_term_string\"}],\"inLanguage\":\"de\"},{\"@type\":\"WebPage\",\"@id\":\"https:\/\/ham-gmbh.de\/?page_id=106#webpage\",\"url\":\"https:\/\/ham-gmbh.de\/?page_id=106\",\"name\":\"Impressum - HAM GmbH\",\"isPartOf\":{\"@id\":\"https:\/\/ham-gmbh.de\/#website\"},\"datePublished\":\"2019-08-12T17:49:54+00:00\",\"dateModified\":\"2019-11-06T10:01:39+00:00\",\"breadcrumb\":{\"@id\":\"https:\/\/ham-gmbh.de\/?page_id=106#breadcrumb\"},\"inLanguage\":\"de\",\"potentialAction\":[{\"@type\":\"ReadAction\",\"target\":[\"https:\/\/ham-gmbh.de\/?page_id=106\"]}]},{\"@type\":\"BreadcrumbList\",\"@id\":\"https:\/\/ham-gmbh.de\/?page_id=106#breadcrumb\",\"itemListElement\":[{\"@type\":\"ListItem\",\"position\":1,\"name\":\"Startseite\",\"item\":\"https:\/\/ham-gmbh.de\/\"},{\"@type\":\"ListItem\",\"position\":2,\"name\":\"Impressum\"}]}]}<\/script>\n<!-- \/ Yoast SEO plugin. -->","yoast_head_json":{"title":"Impressum - HAM GmbH","robots":{"index":"index","follow":"follow","max-snippet":"max-snippet:-1","max-image-preview":"max-image-preview:large","max-video-preview":"max-video-preview:-1"},"canonical":"https:\/\/ham-gmbh.de\/?page_id=106","og_locale":"de_DE","og_type":"article","og_title":"Impressum - HAM GmbH","og_description":"[et_pb_section admin_label=&#8220;section&#8220;] [et_pb_row admin_label=&#8220;row&#8220;] [et_pb_column type=&#8220;4_4&#8243;][et_pb_text admin_label=&#8220;Text&#8220;] HAM &#8211; Hotel Asset Management Gesellschaft mit beschr\u00e4nkter HaftungAchillesstr. 10D-40545 D\u00fcsseldorf Vertretungsberechtiger Gesch\u00e4ftsf\u00fchrer: Niels FalkensteinE-Mail: info@ham-gmbh.de Registergericht: Amtsgericht D\u00fcsseldorfRegisternummer: HRB 82528 Umsatzsteuer-Identifikationsnummer gem. \u00a7 27a UStG: DE249320779 Inhaltlich Verantwortlicher:Niels Falkensteininfo@ham-gmbh.de [\/et_pb_text][\/et_pb_column] [\/et_pb_row] [\/et_pb_section]","og_url":"https:\/\/ham-gmbh.de\/?page_id=106","og_site_name":"HAM GmbH","article_modified_time":"2019-11-06T10:01:39+00:00","twitter_card":"summary_large_image","schema":{"@context":"https:\/\/schema.org","@graph":[{"@type":"WebSite","@id":"https:\/\/ham-gmbh.de\/#website","url":"https:\/\/ham-gmbh.de\/","name":"HAM GmbH","description":"Hotelberatung und -vermittlung","potentialAction":[{"@type":"SearchAction","target":{"@type":"EntryPoint","urlTemplate":"https:\/\/ham-gmbh.de\/?s={search_term_string}"},"query-input":"required name=search_term_string"}],"inLanguage":"de"},{"@type":"WebPage","@id":"https:\/\/ham-gmbh.de\/?page_id=106#webpage","url":"https:\/\/ham-gmbh.de\/?page_id=106","name":"Impressum - HAM GmbH","isPartOf":{"@id":"https:\/\/ham-gmbh.de\/#website"},"datePublished":"2019-08-12T17:49:54+00:00","dateModified":"2019-11-06T10:01:39+00:00","breadcrumb":{"@id":"https:\/\/ham-gmbh.de\/?page_id=106#breadcrumb"},"inLanguage":"de","potentialAction":[{"@type":"ReadAction","target":["https:\/\/ham-gmbh.de\/?page_id=106"]}]},{"@type":"BreadcrumbList","@id":"https:\/\/ham-gmbh.de\/?page_id=106#breadcrumb","itemListElement":[{"@type":"ListItem","position":1,"name":"Startseite","item":"https:\/\/ham-gmbh.de\/"},{"@type":"ListItem","position":2,"name":"Impressum"}]}]}},"_links":{"self":[{"href":"https:\/\/ham-gmbh.de\/index.php?rest_route=\/wp\/v2\/pages\/106"}],"collection":[{"href":"https:\/\/ham-gmbh.de\/index.php?rest_route=\/wp\/v2\/pages"}],"about":[{"href":"https:\/\/ham-gmbh.de\/index.php?rest_route=\/wp\/v2\/types\/page"}],"author":[{"embeddable":true,"href":"https:\/\/ham-gmbh.de\/index.php?rest_route=\/wp\/v2\/users\/1"}],"replies":[{"embeddable":true,"href":"https:\/\/ham-gmbh.de\/index.php?rest_route=%2Fwp%2Fv2%2Fcomments&post=106"}],"version-history":[{"count":8,"href":"https:\/\/ham-gmbh.de\/index.php?rest_route=\/wp\/v2\/pages\/106\/revisions"}],"predecessor-version":[{"id":194,"href":"https:\/\/ham-gmbh.de\/index.php?rest_route=\/wp\/v2\/pages\/106\/revisions\/194"}],"wp:attachment":[{"href":"https:\/\/ham-gmbh.de\/index.php?rest_route=%2Fwp%2Fv2%2Fmedia&parent=106"}],"curies":[{"name":"wp","href":"https:\/\/api.w.org\/{rel}","templated":true}]}}